{"id":14006,"date":"2014-03-26T12:05:37","date_gmt":"2014-03-26T12:05:37","guid":{"rendered":"http:\/\/demo.qodeinteractive.com\/bridge\/?page_id=14006"},"modified":"2020-01-11T13:52:19","modified_gmt":"2020-01-11T12:52:19","slug":"home-3-2","status":"publish","type":"page","link":"https:\/\/reitschuler.de\/","title":{"rendered":"Osteopathie- und Physiotherapiepraxis Cornelia Reitschuler"},"content":{"rendered":"<p>[vc_row css_animation=&#8220;&#8220; row_type=&#8220;row&#8220; use_row_as_full_screen_section=&#8220;no&#8220; type=&#8220;grid&#8220; angled_section=&#8220;no&#8220; text_align=&#8220;left&#8220; background_image_as_pattern=&#8220;without_pattern&#8220; padding_bottom=&#8220;0&#8243; background_color=&#8220;#ffffff&#8220; padding_top=&#8220;95&#8243;][vc_column width=&#8220;1\/3&#8243;][vc_single_image image=&#8220;16582&#8243; img_size=&#8220;medium&#8220; alignment=&#8220;center&#8220; qode_css_animation=&#8220;element_from_left&#8220;][vc_row_inner row_type=&#8220;row&#8220; use_as_box=&#8220;use_row_as_box&#8220; type=&#8220;full_width&#8220; text_align=&#8220;left&#8220; css_animation=&#8220;&#8220; padding=&#8220;0&#8243; padding_top=&#8220;0&#8243; padding_bottom=&#8220;28&#8243;][vc_column_inner][vc_separator type=&#8220;transparent&#8220; up=&#8220;17&#8243; down=&#8220;0&#8243;][vc_column_text]<\/p>\n<h3>Osteopathie<\/h3>\n<p>[\/vc_column_text][vc_separator type=&#8220;transparent&#8220; up=&#8220;10&#8243; down=&#8220;0&#8243;][vc_column_text]<span style=\"color: #2b2c33;\">Ziel der osteopathischen Behandlung ist es, die Ursache der St\u00f6rung im K\u00f6rper zu diagnostizieren und zu therapieren, damit der Mensch seine Selbstheilungskr\u00e4fte wieder nutzen kann. In der Osteopathie dienen nur die H\u00e4nde und das genaue Wissen um anatomische und physiologische Zusammenh\u00e4nge im K\u00f6rper als Werkzeug.<\/span>[\/vc_column_text][vc_separator type=&#8220;transparent&#8220; up=&#8220;12&#8243; down=&#8220;0&#8243;]<a  itemprop=\"url\" href=\"http:\/\/reitschuler.de\/?page_id=14567\" target=\"_top\" data-hover-background-color='#8fc14c' data-hover-border-color='#8fc14c'  class=\"qbutton  default\" style=\"\">Mehr erfahren<\/a>[\/vc_column_inner][\/vc_row_inner][\/vc_column][vc_column width=&#8220;1\/3&#8243;][vc_single_image image=&#8220;16585&#8243; img_size=&#8220;medium&#8220; alignment=&#8220;center&#8220; qode_css_animation=&#8220;element_from_top&#8220;][vc_row_inner row_type=&#8220;row&#8220; use_as_box=&#8220;use_row_as_box&#8220; type=&#8220;full_width&#8220; text_align=&#8220;left&#8220; css_animation=&#8220;element_from_top&#8220; padding_top=&#8220;0&#8243; padding_bottom=&#8220;28&#8243; css=&#8220;.vc_custom_1404068140883{padding: 0px !important;}&#8220;][vc_column_inner][vc_separator type=&#8220;transparent&#8220; up=&#8220;17&#8243; down=&#8220;0&#8243;][vc_column_text]<\/p>\n<h3>Physiotherapie<\/h3>\n<p>[\/vc_column_text][vc_separator type=&#8220;transparent&#8220; up=&#8220;10&#8243; down=&#8220;0&#8243;][vc_column_text]<\/p>\n<p class=\"blockquote-text\"><span style=\"color: #000000;\">Physiotherapie ist der Oberbegriff f\u00fcr Krankengymnastik und physikalische Therapie. Als nat\u00fcrliches Heilverfahren nutzt die Physiotherapie nat\u00fcrliche Anpassungsmechanismen des K\u00f6rpers, um St\u00f6rungen k\u00f6rperlicher Funktionen gezielt zu behandeln oder &#8211; als Ma\u00dfnahme in der Gesundheitsvorsorge &#8211; diese zu vermeiden.<\/span><\/p>\n<p>[\/vc_column_text][vc_separator type=&#8220;transparent&#8220; up=&#8220;12&#8243; down=&#8220;0&#8243;]<a  itemprop=\"url\" href=\"http:\/\/reitschuler.de\/?page_id=16362\" target=\"_self\" data-hover-background-color='#8fc14c' data-hover-border-color='#8fc14c'  class=\"qbutton  default\" style=\"\">Mehr erfahren<\/a>[\/vc_column_inner][\/vc_row_inner][\/vc_column][vc_column width=&#8220;1\/3&#8243;][vc_single_image image=&#8220;16519&#8243; img_size=&#8220;medium&#8220; alignment=&#8220;center&#8220; qode_css_animation=&#8220;element_from_right&#8220;][vc_row_inner row_type=&#8220;row&#8220; use_as_box=&#8220;use_row_as_box&#8220; type=&#8220;full_width&#8220; text_align=&#8220;left&#8220; css_animation=&#8220;&#8220; padding=&#8220;0&#8243; padding_top=&#8220;0&#8243; padding_bottom=&#8220;28&#8243;][vc_column_inner][vc_separator type=&#8220;transparent&#8220; up=&#8220;17&#8243; down=&#8220;0&#8243;][vc_column_text]<\/p>\n<h3>Pilates<\/h3>\n<p>[\/vc_column_text][vc_separator type=&#8220;transparent&#8220; up=&#8220;10&#8243; down=&#8220;0&#8243;][vc_column_text]<span style=\"color: #000000;\">Pilates, auch\u00a0Pilates-Methode\u00a0genannt, ist ein systematisches Ganzk\u00f6rpertraining zur Kr\u00e4ftigung der\u00a0Muskulatur, prim\u00e4r der\u00a0Beckenboden-,\u00a0Bauch- und\u00a0R\u00fcckenmuskulatur &#8211; dem &#8222;Core&#8220;. Das Pilatestraining kann auf der Matte und an speziell entwickelten Ger\u00e4ten stattfinden, wie z.B. dem Pilates-Reformer.\u00a0<\/span>[\/vc_column_text][vc_separator type=&#8220;transparent&#8220; up=&#8220;12&#8243; down=&#8220;0&#8243;]<a  itemprop=\"url\" href=\"http:\/\/reitschuler.de\/?page_id=16367\" target=\"_self\" data-hover-background-color='#8fc14c' data-hover-border-color='#8fc14c'  class=\"qbutton  default\" style=\"\">Mehr erfahren<\/a>[\/vc_column_inner][\/vc_row_inner][\/vc_column][\/vc_row][vc_row css_animation=&#8220;&#8220; row_type=&#8220;row&#8220; use_row_as_full_screen_section=&#8220;no&#8220; type=&#8220;full_width&#8220; angled_section=&#8220;no&#8220; text_align=&#8220;left&#8220; background_image_as_pattern=&#8220;without_pattern&#8220;][vc_column][\/vc_column][\/vc_row]<\/p>\n","protected":false},"excerpt":{"rendered":"<p>[vc_row css_animation=&#8220;&#8220; row_type=&#8220;row&#8220; use_row_as_full_screen_section=&#8220;no&#8220; type=&#8220;grid&#8220; angled_section=&#8220;no&#8220; text_align=&#8220;left&#8220; background_image_as_pattern=&#8220;without_pattern&#8220; padding_bottom=&#8220;0&#8243; background_color=&#8220;#ffffff&#8220; padding_top=&#8220;95&#8243;][vc_column width=&#8220;1\/3&#8243;][vc_single_image image=&#8220;16582&#8243; img_size=&#8220;medium&#8220; alignment=&#8220;center&#8220; qode_css_animation=&#8220;element_from_left&#8220;][vc_row_inner row_type=&#8220;row&#8220; use_as_box=&#8220;use_row_as_box&#8220; type=&#8220;full_width&#8220; text_align=&#8220;left&#8220; css_animation=&#8220;&#8220; padding=&#8220;0&#8243; padding_top=&#8220;0&#8243; padding_bottom=&#8220;28&#8243;][vc_column_inner][vc_separator type=&#8220;transparent&#8220; up=&#8220;17&#8243; down=&#8220;0&#8243;][vc_column_text] Osteopathie [\/vc_column_text][vc_separator type=&#8220;transparent&#8220; up=&#8220;10&#8243; down=&#8220;0&#8243;][vc_column_text]Ziel der osteopathischen Behandlung ist es, die Ursache der St\u00f6rung im K\u00f6rper zu diagnostizieren&#8230;<\/p>\n","protected":false},"author":1,"featured_media":0,"parent":0,"menu_order":0,"comment_status":"closed","ping_status":"closed","template":"full_width.php","meta":{"footnotes":""},"class_list":["post-14006","page","type-page","status-publish","hentry"],"_links":{"self":[{"href":"https:\/\/reitschuler.de\/index.php?rest_route=\/wp\/v2\/pages\/14006","targetHints":{"allow":["GET"]}}],"collection":[{"href":"https:\/\/reitschuler.de\/index.php?rest_route=\/wp\/v2\/pages"}],"about":[{"href":"https:\/\/reitschuler.de\/index.php?rest_route=\/wp\/v2\/types\/page"}],"author":[{"embeddable":true,"href":"https:\/\/reitschuler.de\/index.php?rest_route=\/wp\/v2\/users\/1"}],"replies":[{"embeddable":true,"href":"https:\/\/reitschuler.de\/index.php?rest_route=%2Fwp%2Fv2%2Fcomments&post=14006"}],"version-history":[{"count":75,"href":"https:\/\/reitschuler.de\/index.php?rest_route=\/wp\/v2\/pages\/14006\/revisions"}],"predecessor-version":[{"id":16692,"href":"https:\/\/reitschuler.de\/index.php?rest_route=\/wp\/v2\/pages\/14006\/revisions\/16692"}],"wp:attachment":[{"href":"https:\/\/reitschuler.de\/index.php?rest_route=%2Fwp%2Fv2%2Fmedia&parent=14006"}],"curies":[{"name":"wp","href":"https:\/\/api.w.org\/{rel}","templated":true}]}}