{"id":14567,"date":"2014-03-28T16:37:34","date_gmt":"2014-03-28T16:37:34","guid":{"rendered":"http:\/\/demo.qodeinteractive.com\/bridge\/?page_id=14567"},"modified":"2015-01-17T20:17:30","modified_gmt":"2015-01-17T19:17:30","slug":"responsive-image","status":"publish","type":"page","link":"https:\/\/reitschuler.de\/?page_id=14567","title":{"rendered":"Osteopathie"},"content":{"rendered":"<p>[vc_row row_type=&#8220;row&#8220; type=&#8220;grid&#8220; text_align=&#8220;left&#8220; padding_top=&#8220;87&#8243; background_color=&#8220;#ffffff&#8220; padding_bottom=&#8220;95&#8243;][vc_column width=&#8220;1\/1&#8243; font_color=&#8220;#000000&#8243;]<blockquote class=' with_quote_icon' style=''><i class='fa fa-quote-right' style=''><\/i><h5 class='blockquote-text' style=''>Osteopathie ist eine Form der Medizin, in der die manuelle diagnostische und therapeutische Vorgehensweise bei Funktionsst\u00f6rungen im Mittelpunkt steht. Ziel der Osteopathie ist die Wiederherstellung der k\u00f6rperlichen Funktionsf\u00e4higkeit.<\/h5><\/blockquote>[vc_separator type=&#8220;small&#8220; up=&#8220;10&#8243; down=&#8220;10&#8243; position=&#8220;center&#8220;][vc_separator type=&#8220;transparent&#8220; up=&#8220;10&#8243; down=&#8220;10&#8243;][vc_separator type=&#8220;transparent&#8220; up=&#8220;5&#8243; down=&#8220;20&#8243; position=&#8220;center&#8220;][vc_column_text]<\/p>\n<h3>Die 3 Prinzipien der Osteopathie sind:<\/h3>\n<p>&nbsp;<\/p>\n<blockquote><p><span style=\"color: #000000;\"><strong>Struktur und Funktion<\/strong>: unser K\u00f6rper besteht aus einer Vielzahl von unterschiedlichen Strukturen (Knochen, B\u00e4nder, Sehnen, Organe, &#8230;) und Funktionen (Durchblutung, Verdauung, &#8230;). \u00c4ndert sich die Funktion, so ver\u00e4ndert sich auch die Struktur. Der Osteopath sucht nach Funktionsst\u00f6rungen, um anschliessend mittels manueller Techniken der Struktur zu ihrer urspr\u00fcnglichen Bewegung zur\u00fcckzuverhelfen.<\/span><\/p>\n<p>&nbsp;<\/p>\n<p><span style=\"color: #000000;\"><strong>Der Mensch als Einheit<\/strong>:\u00a0die\u00a0Osteopathie\u00a0betrachtet den menschlichen K\u00f6rper als Einheit, in der sich der Bewegungsapparat, die innere Organe und auch die Psyche gegenseitig beeinflussen.<\/span><\/p>\n<p>&nbsp;<\/p>\n<p><span style=\"color: #000000;\"><strong>Selbstregulation:<\/strong> Gesundheit ist eine Art Gleichgewicht, das der K\u00f6rper halten will. Ist das Gleichgewicht gest\u00f6rt, wird er krank. Der K\u00f6rper hat gewisse Selbstheilungskr\u00e4fte (Wundheilung, Abwehr von Krankheitserregern, &#8230;), die der Osteopath durch seine Behandlung anregen will, um dadurch eine nat\u00fcrliche Heilung zu erzielen.<\/span><\/p><\/blockquote>\n<p>[\/vc_column_text][\/vc_column][\/vc_row][vc_row][vc_column width=&#8220;1\/1&#8243;][\/vc_column][\/vc_row]<\/p>\n","protected":false},"excerpt":{"rendered":"<p>[vc_row row_type=&#8220;row&#8220; type=&#8220;grid&#8220; text_align=&#8220;left&#8220; padding_top=&#8220;87&#8243; background_color=&#8220;#ffffff&#8220; padding_bottom=&#8220;95&#8243;][vc_column width=&#8220;1\/1&#8243; font_color=&#8220;#000000&#8243;][vc_separator type=&#8220;small&#8220; up=&#8220;10&#8243; down=&#8220;10&#8243; position=&#8220;center&#8220;][vc_separator type=&#8220;transparent&#8220; up=&#8220;10&#8243; down=&#8220;10&#8243;][vc_separator type=&#8220;transparent&#8220; up=&#8220;5&#8243; down=&#8220;20&#8243; position=&#8220;center&#8220;][vc_column_text] Die 3 Prinzipien der Osteopathie sind: &nbsp; Struktur und Funktion: unser K\u00f6rper besteht aus einer Vielzahl von unterschiedlichen Strukturen (Knochen, B\u00e4nder, Sehnen, Organe, &#8230;) und&#8230;<\/p>\n","protected":false},"author":1,"featured_media":0,"parent":0,"menu_order":0,"comment_status":"open","ping_status":"closed","template":"full_width.php","meta":{"footnotes":""},"class_list":["post-14567","page","type-page","status-publish","hentry"],"_links":{"self":[{"href":"https:\/\/reitschuler.de\/index.php?rest_route=\/wp\/v2\/pages\/14567","targetHints":{"allow":["GET"]}}],"collection":[{"href":"https:\/\/reitschuler.de\/index.php?rest_route=\/wp\/v2\/pages"}],"about":[{"href":"https:\/\/reitschuler.de\/index.php?rest_route=\/wp\/v2\/types\/page"}],"author":[{"embeddable":true,"href":"https:\/\/reitschuler.de\/index.php?rest_route=\/wp\/v2\/users\/1"}],"replies":[{"embeddable":true,"href":"https:\/\/reitschuler.de\/index.php?rest_route=%2Fwp%2Fv2%2Fcomments&post=14567"}],"version-history":[{"count":20,"href":"https:\/\/reitschuler.de\/index.php?rest_route=\/wp\/v2\/pages\/14567\/revisions"}],"predecessor-version":[{"id":16560,"href":"https:\/\/reitschuler.de\/index.php?rest_route=\/wp\/v2\/pages\/14567\/revisions\/16560"}],"wp:attachment":[{"href":"https:\/\/reitschuler.de\/index.php?rest_route=%2Fwp%2Fv2%2Fmedia&parent=14567"}],"curies":[{"name":"wp","href":"https:\/\/api.w.org\/{rel}","templated":true}]}}