{"id":16362,"date":"2014-06-15T18:38:14","date_gmt":"2014-06-15T18:38:14","guid":{"rendered":"http:\/\/www.reitschuler.de\/wordpress\/?page_id=16362"},"modified":"2015-01-17T20:18:16","modified_gmt":"2015-01-17T19:18:16","slug":"physiotherapie","status":"publish","type":"page","link":"https:\/\/reitschuler.de\/?page_id=16362","title":{"rendered":"Physiotherapie"},"content":{"rendered":"<p>[vc_row row_type=&#8220;row&#8220; type=&#8220;grid&#8220; text_align=&#8220;left&#8220; padding_top=&#8220;87&#8243; background_color=&#8220;#ffffff&#8220; padding_bottom=&#8220;95&#8243;][vc_column width=&#8220;1\/1&#8243; el_class=&#8220;Die Physiotherapie, in Deutschland bis 1994 unter Krankengymnastik bekannt, ist eine Form der \u00e4u\u00dferlichen Anwendung von Heilmitteln, mit der v.a. die Bewegungs- und Funktionsf\u00e4higkeit des menschlichen K\u00f6rpers wiederhergestellt, verbessert oder erhalten werden soll.&#8220;]<blockquote class=' with_quote_icon' style=''><i class='fa fa-quote-right' style=''><\/i><h5 class='blockquote-text' style=''>Physiotherapie ist der Oberbegriff f\u00fcr Krankengymnastik und physikalische Therapie. Als nat\u00fcrliches Heilverfahren nutzt die Physiotherapie nat\u00fcrliche Anpassungsmechanismen des K\u00f6rpers, um St\u00f6rungen k\u00f6rperlicher Funktionen gezielt zu behandeln oder - als Ma\u00dfnahme in der Gesundheitsvorsorge - diese zu vermeiden.<\/h5><\/blockquote>[vc_separator type=&#8220;small&#8220; up=&#8220;50&#8243; down=&#8220;50&#8243; position=&#8220;center&#8220; color=&#8220;#000000&#8243;][vc_separator type=&#8220;transparent&#8220; up=&#8220;5&#8243; down=&#8220;20&#8243; position=&#8220;center&#8220;][vc_column_text]Die Bewegungs- und Funktionsf\u00e4higkeit des menschlichen K\u00f6rpers kann durch Krankheit, Unfall, angeborene St\u00f6rungen oder Fehlverhalten im Alltag beeintr\u00e4chtigt sein.<\/p>\n<p>Durch die Anwendung verschiedener aktiver und\/oder passiver Behandlungsformen k\u00f6nnen\u00a0Schmerzen beseitigt, gesunde (physiologische) Bewegungsabl\u00e4ufe wiederhergestellt und\u00a0muskul\u00e4re Dysbalancen ausgleichen werden.<\/p>\n<p>Die Physiotherapie gibt dem Patienten auch Anreize mit, um den Heilungsprozess aktiv zu unterst\u00fctzen und erneuten Problemen vorzubeugen.[\/vc_column_text][\/vc_column][\/vc_row]<\/p>\n","protected":false},"excerpt":{"rendered":"<p>[vc_row row_type=&#8220;row&#8220; type=&#8220;grid&#8220; text_align=&#8220;left&#8220; padding_top=&#8220;87&#8243; background_color=&#8220;#ffffff&#8220; padding_bottom=&#8220;95&#8243;][vc_column width=&#8220;1\/1&#8243; el_class=&#8220;Die Physiotherapie, in Deutschland bis 1994 unter Krankengymnastik bekannt, ist eine Form der \u00e4u\u00dferlichen Anwendung von Heilmitteln, mit der v.a. die Bewegungs- und Funktionsf\u00e4higkeit des menschlichen K\u00f6rpers wiederhergestellt, verbessert oder erhalten werden soll.&#8220;][vc_separator type=&#8220;small&#8220; up=&#8220;50&#8243; down=&#8220;50&#8243; position=&#8220;center&#8220;&#8230;<\/p>\n","protected":false},"author":1,"featured_media":0,"parent":0,"menu_order":0,"comment_status":"open","ping_status":"closed","template":"full_width.php","meta":{"footnotes":""},"class_list":["post-16362","page","type-page","status-publish","hentry"],"_links":{"self":[{"href":"https:\/\/reitschuler.de\/index.php?rest_route=\/wp\/v2\/pages\/16362","targetHints":{"allow":["GET"]}}],"collection":[{"href":"https:\/\/reitschuler.de\/index.php?rest_route=\/wp\/v2\/pages"}],"about":[{"href":"https:\/\/reitschuler.de\/index.php?rest_route=\/wp\/v2\/types\/page"}],"author":[{"embeddable":true,"href":"https:\/\/reitschuler.de\/index.php?rest_route=\/wp\/v2\/users\/1"}],"replies":[{"embeddable":true,"href":"https:\/\/reitschuler.de\/index.php?rest_route=%2Fwp%2Fv2%2Fcomments&post=16362"}],"version-history":[{"count":15,"href":"https:\/\/reitschuler.de\/index.php?rest_route=\/wp\/v2\/pages\/16362\/revisions"}],"predecessor-version":[{"id":16593,"href":"https:\/\/reitschuler.de\/index.php?rest_route=\/wp\/v2\/pages\/16362\/revisions\/16593"}],"wp:attachment":[{"href":"https:\/\/reitschuler.de\/index.php?rest_route=%2Fwp%2Fv2%2Fmedia&parent=16362"}],"curies":[{"name":"wp","href":"https:\/\/api.w.org\/{rel}","templated":true}]}}