{"id":16367,"date":"2014-06-15T18:42:51","date_gmt":"2014-06-15T18:42:51","guid":{"rendered":"http:\/\/www.reitschuler.de\/wordpress\/?page_id=16367"},"modified":"2014-11-29T10:15:56","modified_gmt":"2014-11-29T09:15:56","slug":"pilates","status":"publish","type":"page","link":"https:\/\/reitschuler.de\/?page_id=16367","title":{"rendered":"Pilates"},"content":{"rendered":"<p>[vc_row row_type=&#8220;row&#8220; type=&#8220;grid&#8220; text_align=&#8220;left&#8220; padding_top=&#8220;87&#8243; background_color=&#8220;#ffffff&#8220; padding_bottom=&#8220;95&#8243;][vc_column width=&#8220;1\/1&#8243;]<blockquote class=' with_quote_icon' style=''><i class='fa fa-quote-right' style=''><\/i><h5 class='blockquote-text' style=''>Ist ein Ganzk\u00f6rpertraining, das Atmung, Stretching und Kraft\u00fcbungen kombiniert. Es wird auf der Matte, aber auch auf speziellem Pilates Equipment wie dem ``Pilates Reformer`` ausgef\u00fchrt.<\/h5><\/blockquote>[vc_separator type=&#8220;small&#8220; position=&#8220;center&#8220; down=&#8220;38&#8243; up=&#8220;7&#8243;][vc_column_text]Pilates ist ein Atmungs-, Stretching- und Kr\u00e4ftigungstraining, bei dem \u00a0haupts\u00e4chlich auf die Muskulatur des Rumpfes &#8211; also Bauch, R\u00fccken, Beckenboden &#8211; fokussiert wird.<\/p>\n<p>Ausgehend von der K\u00f6rpermitte wird ein starkes Zentrum, welches als \u201ePowerhouse\u201c bezeichnet wird, gebildet.[\/vc_column_text][vc_separator type=&#8220;transparent&#8220; position=&#8220;center&#8220;][vc_column_text]Eine sehr wichtige Rolle spielt dabei die bewusste Atmung, die w\u00e4hrend der \u00dcbungen synchron zu den Bewegungen erfolgt. Pilates gilt als typische Mind-Body-Methode, weil bei der Ausf\u00fchrung des Trainings neben der bewussten Atmung auch die Achtsamkeit und K\u00f6rperwahrnehmung eine gro\u00dfe Rolle spielen.[\/vc_column_text][vc_column_text][vc_column_text]Es wird bei uns in der Praxis auf der Matte, aber auch auf einem &#8222;Pilates Reformer&#8220; angeboten.<\/p>\n<p>Das Herzst\u00fcck eines Reformers ist ein gleitender Wagen, auf dem man sitzt, kniet, steht oder liegt.<\/p>\n<p>Der Pilates Reformer verbessert die Rumpf-Stabilit\u00e4t und K\u00f6rperhaltung beim Pilates Training. Dies erlaubt wirksame, die tiefliegenden Muskeln trainierende \u00dcbungen, die die Gelenke schonen.[\/vc_column_text][vc_separator type=&#8220;transparent&#8220; position=&#8220;center&#8220;][vc_column_text]Zus\u00e4tzlich steht noch ein &#8222;Pilates Tower&#8220; zur Verf\u00fcgung.[\/vc_column_text][vc_separator type=&#8220;transparent&#8220; position=&#8220;center&#8220; up=&#8220;60&#8243; down=&#8220;10&#8243;][vc_separator type=&#8220;transparent&#8220; position=&#8220;center&#8220;][vc_text_separator title=&#8220;Videobeispiele&#8220; title_align=&#8220;separator_align_center&#8220; border=&#8220;no&#8220; background_color=&#8220;#8fc14c&#8220;][vc_video title=&#8220;Reformer \u00dcbungen&#8220; link=&#8220;https:\/\/www.youtube.com\/watch?v=dI2pdXke7Eo&#8220;][vc_empty_space height=&#8220;32px&#8220;][vc_video title=&#8220;&#8222;Tower of Power&#8222; Reformer-\u00dcbungen&#8220; link=&#8220;https:\/\/www.youtube.com\/watch?v=RtoS63Lk72M&#8220;][\/vc_column][\/vc_row]<\/p>\n","protected":false},"excerpt":{"rendered":"<p>[vc_row row_type=&#8220;row&#8220; type=&#8220;grid&#8220; text_align=&#8220;left&#8220; padding_top=&#8220;87&#8243; background_color=&#8220;#ffffff&#8220; padding_bottom=&#8220;95&#8243;][vc_column width=&#8220;1\/1&#8243;][vc_separator type=&#8220;small&#8220; position=&#8220;center&#8220; down=&#8220;38&#8243; up=&#8220;7&#8243;][vc_column_text]Pilates ist ein Atmungs-, Stretching- und Kr\u00e4ftigungstraining, bei dem \u00a0haupts\u00e4chlich auf die Muskulatur des Rumpfes &#8211; also Bauch, R\u00fccken, Beckenboden &#8211; fokussiert wird. Ausgehend von der K\u00f6rpermitte wird ein starkes Zentrum, welches als \u201ePowerhouse\u201c&#8230;<\/p>\n","protected":false},"author":1,"featured_media":0,"parent":0,"menu_order":0,"comment_status":"open","ping_status":"closed","template":"full_width.php","meta":{"footnotes":""},"class_list":["post-16367","page","type-page","status-publish","hentry"],"_links":{"self":[{"href":"https:\/\/reitschuler.de\/index.php?rest_route=\/wp\/v2\/pages\/16367","targetHints":{"allow":["GET"]}}],"collection":[{"href":"https:\/\/reitschuler.de\/index.php?rest_route=\/wp\/v2\/pages"}],"about":[{"href":"https:\/\/reitschuler.de\/index.php?rest_route=\/wp\/v2\/types\/page"}],"author":[{"embeddable":true,"href":"https:\/\/reitschuler.de\/index.php?rest_route=\/wp\/v2\/users\/1"}],"replies":[{"embeddable":true,"href":"https:\/\/reitschuler.de\/index.php?rest_route=%2Fwp%2Fv2%2Fcomments&post=16367"}],"version-history":[{"count":12,"href":"https:\/\/reitschuler.de\/index.php?rest_route=\/wp\/v2\/pages\/16367\/revisions"}],"predecessor-version":[{"id":16574,"href":"https:\/\/reitschuler.de\/index.php?rest_route=\/wp\/v2\/pages\/16367\/revisions\/16574"}],"wp:attachment":[{"href":"https:\/\/reitschuler.de\/index.php?rest_route=%2Fwp%2Fv2%2Fmedia&parent=16367"}],"curies":[{"name":"wp","href":"https:\/\/api.w.org\/{rel}","templated":true}]}}