{"id":16388,"date":"2014-06-19T13:07:33","date_gmt":"2014-06-19T13:07:33","guid":{"rendered":"http:\/\/www.reitschuler.de\/wordpress\/?page_id=16388"},"modified":"2014-10-20T22:43:53","modified_gmt":"2014-10-20T20:43:53","slug":"abrechnung","status":"publish","type":"page","link":"https:\/\/reitschuler.de\/?page_id=16388","title":{"rendered":"Abrechnung"},"content":{"rendered":"<p>[vc_row row_type=&#8220;row&#8220; type=&#8220;grid&#8220; text_align=&#8220;left&#8220; padding_top=&#8220;87&#8243; background_color=&#8220;#ffffff&#8220; padding_bottom=&#8220;78&#8243;][vc_column width=&#8220;1\/1&#8243;][vc_column_text]<\/p>\n<h2 style=\"text-align: center;\">Kostenerstattungen und Abrechnungsmodelle<\/h2>\n<p>[\/vc_column_text][vc_separator type=&#8220;small&#8220; position=&#8220;center&#8220; down=&#8220;38&#8243; up=&#8220;7&#8243;][vc_column_text]<\/p>\n<p class=\"fliesstext\" style=\"color: #414141;\"><span style=\"color: #000000;\">Die\u00a0Praxis ist eine reine Privatpraxis.<\/span><\/p>\n<p class=\"fliesstext\" style=\"color: #414141;\"><span style=\"color: #000000;\">Das hei\u00dft, dass Privatversicherte, Beihilfeberechtigte oder Zusatzkrankenversicherte ihre Behandlungskosten bei\u00a0ihrer Krankenkasse abrechnen k\u00f6nnen.\u00a0<\/span><\/p>\n<p class=\"fliesstext\" style=\"color: #414141;\"><span style=\"color: #000000;\">Durch meine\u00a0Zulassung zum Heilpraktiker k\u00f6nnen Sie auch ohne \u00e4rztliches Rezept behandelt werden. Bitte kl\u00e4ren Sie aber rechtzeitig mit Ihrer Krankenkasse ab, welche Leistungen erstattet werden.<\/span><\/p>\n<p>[\/vc_column_text][vc_separator type=&#8220;small&#8220; position=&#8220;center&#8220; color=&#8220;#000000&#8243; thickness=&#8220;2&#8243; up=&#8220;50&#8243; down=&#8220;50&#8243;][vc_column_text]<\/p>\n<p class=\"fliesstext\"><span style=\"color: #000000;\"><strong>Neu:<\/strong>\u00a0Seit Beginn 2012 erstatten einige gesetzliche Krankenkassen (z.B. die TKK) teilweise die Kosten f\u00fcr osteopathische Behandlungen. Hierf\u00fcr ben\u00f6tigen Sie eine \u00e4rztliche Bescheinigung. F\u00fcr n\u00e4here Informationen wenden Sie sich bitte an Ihre Krankenkasse.<\/span><\/p>\n<p class=\"fliesstext\"><span style=\"color: #000000;\">Ich stehe Ihnen gern f\u00fcr weitere Fragen zur Verf\u00fcgung.<\/span><\/p>\n<p>[\/vc_column_text][\/vc_column][\/vc_row][vc_row][vc_column width=&#8220;1\/1&#8243;][\/vc_column][\/vc_row]<\/p>\n","protected":false},"excerpt":{"rendered":"<p>[vc_row row_type=&#8220;row&#8220; type=&#8220;grid&#8220; text_align=&#8220;left&#8220; padding_top=&#8220;87&#8243; background_color=&#8220;#ffffff&#8220; padding_bottom=&#8220;78&#8243;][vc_column width=&#8220;1\/1&#8243;][vc_column_text] Kostenerstattungen und Abrechnungsmodelle [\/vc_column_text][vc_separator type=&#8220;small&#8220; position=&#8220;center&#8220; down=&#8220;38&#8243; up=&#8220;7&#8243;][vc_column_text] Die\u00a0Praxis ist eine reine Privatpraxis. Das hei\u00dft, dass Privatversicherte, Beihilfeberechtigte oder Zusatzkrankenversicherte ihre Behandlungskosten bei\u00a0ihrer Krankenkasse abrechnen k\u00f6nnen.\u00a0 Durch meine\u00a0Zulassung zum Heilpraktiker k\u00f6nnen Sie auch ohne \u00e4rztliches Rezept behandelt&#8230;<\/p>\n","protected":false},"author":1,"featured_media":0,"parent":0,"menu_order":0,"comment_status":"open","ping_status":"closed","template":"full_width.php","meta":{"footnotes":""},"class_list":["post-16388","page","type-page","status-publish","hentry"],"_links":{"self":[{"href":"https:\/\/reitschuler.de\/index.php?rest_route=\/wp\/v2\/pages\/16388","targetHints":{"allow":["GET"]}}],"collection":[{"href":"https:\/\/reitschuler.de\/index.php?rest_route=\/wp\/v2\/pages"}],"about":[{"href":"https:\/\/reitschuler.de\/index.php?rest_route=\/wp\/v2\/types\/page"}],"author":[{"embeddable":true,"href":"https:\/\/reitschuler.de\/index.php?rest_route=\/wp\/v2\/users\/1"}],"replies":[{"embeddable":true,"href":"https:\/\/reitschuler.de\/index.php?rest_route=%2Fwp%2Fv2%2Fcomments&post=16388"}],"version-history":[{"count":12,"href":"https:\/\/reitschuler.de\/index.php?rest_route=\/wp\/v2\/pages\/16388\/revisions"}],"predecessor-version":[{"id":16531,"href":"https:\/\/reitschuler.de\/index.php?rest_route=\/wp\/v2\/pages\/16388\/revisions\/16531"}],"wp:attachment":[{"href":"https:\/\/reitschuler.de\/index.php?rest_route=%2Fwp%2Fv2%2Fmedia&parent=16388"}],"curies":[{"name":"wp","href":"https:\/\/api.w.org\/{rel}","templated":true}]}}